{"id":140,"date":"2025-09-21T15:55:48","date_gmt":"2025-09-21T13:55:48","guid":{"rendered":"https:\/\/rive-b5.fr\/?page_id=140"},"modified":"2025-12-06T13:05:38","modified_gmt":"2025-12-06T12:05:38","slug":"a-propos","status":"publish","type":"page","link":"https:\/\/rive-b5.fr\/?page_id=140","title":{"rendered":"A propos"},"content":{"rendered":"\t\t<div data-elementor-type=\"wp-page\" data-elementor-id=\"140\" class=\"elementor elementor-140\" data-elementor-post-type=\"page\">\n\t\t\t\t<div class=\"elementor-element elementor-element-e751218 e-flex e-con-boxed e-con e-parent\" data-id=\"e751218\" data-element_type=\"container\">\n\t\t\t\t\t<div class=\"e-con-inner\">\n\t\t<div class=\"elementor-element elementor-element-01b1621 e-con-full e-flex e-con e-child\" data-id=\"01b1621\" data-element_type=\"container\">\n\t\t\t\t<div class=\"elementor-element elementor-element-b5353cb elementor-widget elementor-widget-text-editor\" data-id=\"b5353cb\" data-element_type=\"widget\" data-widget_type=\"text-editor.default\">\n\t\t\t\t\t\t\t\t\t<h1><span style=\"background: #000000; padding: 0; margin: 0;\">Cr\u00e9er des espaces qui facilitent le quotidien, valorisent l\u2019activit\u00e9 et accompagnent l\u2019\u00e9volution des entreprises.<\/span><\/h1>\t\t\t\t\t\t\t\t<\/div>\n\t\t\t\t<div class=\"elementor-element elementor-element-ef23049 elementor-widget elementor-widget-text-editor\" data-id=\"ef23049\" data-element_type=\"widget\" data-widget_type=\"text-editor.default\">\n\t\t\t\t\t\t\t\t\t<h5>Rive B5 <strong>con\u00e7oit, r\u00e9nove et am\u00e9nage<\/strong> des espaces fonctionnels et durables, en alliant<strong> ma\u00eetrise technique, qualit\u00e9 d\u2019ex\u00e9cution et accompagnement cl\u00e9-en-main.<\/strong><\/h5>\t\t\t\t\t\t\t\t<\/div>\n\t\t\t\t<\/div>\n\t\t\t\t\t<\/div>\n\t\t\t\t<\/div>\n\t\t<div class=\"elementor-element elementor-element-0f10251 e-flex e-con-boxed e-con e-parent\" data-id=\"0f10251\" data-element_type=\"container\" data-settings=\"{&quot;background_background&quot;:&quot;classic&quot;}\">\n\t\t\t\t\t<div class=\"e-con-inner\">\n\t\t<div class=\"elementor-element elementor-element-99a2880 e-con-full e-flex e-con e-child\" data-id=\"99a2880\" data-element_type=\"container\">\n\t\t\t\t<div class=\"elementor-element elementor-element-ccc17f2 elementor-widget elementor-widget-heading\" data-id=\"ccc17f2\" data-element_type=\"widget\" data-widget_type=\"heading.default\">\n\t\t\t\t\t<h4 class=\"elementor-heading-title elementor-size-default\">Notre vision<\/h4>\t\t\t\t<\/div>\n\t\t\t\t<div class=\"elementor-element elementor-element-402b843 elementor-widget elementor-widget-heading\" data-id=\"402b843\" data-element_type=\"widget\" data-widget_type=\"heading.default\">\n\t\t\t\t\t<h2 class=\"elementor-heading-title elementor-size-default\">Donner vie \u00e0 des espaces qui connectent, inspirent et impactent.<\/h2>\t\t\t\t<\/div>\n\t\t\t\t<div class=\"elementor-element elementor-element-d487646 elementor-widget elementor-widget-text-editor\" data-id=\"d487646\" data-element_type=\"widget\" data-widget_type=\"text-editor.default\">\n\t\t\t\t\t\t\t\t\t<p>Chez Rive B5, notre vision est simple : cr\u00e9er des espaces durables, fonctionnels et parfaitement ma\u00eetris\u00e9s, o\u00f9 <strong>chaque d\u00e9tail compte<\/strong>.<br \/><br \/>Nous croyons qu\u2019un projet r\u00e9ussi repose sur <strong>la qualit\u00e9, la transparence et une vraie \u00e9coute<\/strong>. C\u2019est pourquoi nous anticipons les contraintes, respectons <strong>les d\u00e9lais et accompagnons nos clients<\/strong> \u00e0 chaque \u00e9tape, du premier \u00e9change jusqu\u2019\u00e0 la remise des cl\u00e9s.<br \/><br \/>Notre ambition: <strong>transformer vos id\u00e9es en lieux efficaces<\/strong>, inspirants et p\u00e9rennes, en garantissant une ex\u00e9cution irr\u00e9prochable gr\u00e2ce \u00e0 notre expertise tous corps d\u2019\u00e9tat.<\/p>\t\t\t\t\t\t\t\t<\/div>\n\t\t\t\t<\/div>\n\t\t<div class=\"elementor-element elementor-element-3780297 e-con-full e-flex e-con e-child\" data-id=\"3780297\" data-element_type=\"container\">\n\t\t<div class=\"elementor-element elementor-element-4964088 e-con-full e-flex e-con e-child\" data-id=\"4964088\" data-element_type=\"container\">\n\t\t<div class=\"elementor-element elementor-element-38e7ca4 e-con-full e-flex e-con e-child\" data-id=\"38e7ca4\" data-element_type=\"container\" data-settings=\"{&quot;background_background&quot;:&quot;classic&quot;}\">\n\t\t\t\t<div class=\"elementor-element elementor-element-cffb96e elementor-widget elementor-widget-heading\" data-id=\"cffb96e\" data-element_type=\"widget\" data-widget_type=\"heading.default\">\n\t\t\t\t\t<h1 class=\"elementor-heading-title elementor-size-default\">2017<\/h1>\t\t\t\t<\/div>\n\t\t\t\t<div class=\"elementor-element elementor-element-9ce3ac9 elementor-widget elementor-widget-heading\" data-id=\"9ce3ac9\" data-element_type=\"widget\" data-widget_type=\"heading.default\">\n\t\t\t\t\t<h4 class=\"elementor-heading-title elementor-size-default\">Ann\u00e9e de cr\u00e9ation de la soci\u00e9t\u00e9<\/h4>\t\t\t\t<\/div>\n\t\t\t\t<\/div>\n\t\t<div class=\"elementor-element elementor-element-ad8bd20 e-con-full e-flex e-con e-child\" data-id=\"ad8bd20\" data-element_type=\"container\" data-settings=\"{&quot;background_background&quot;:&quot;classic&quot;}\">\n\t\t\t\t<div class=\"elementor-element elementor-element-3a5bb67 elementor-widget elementor-widget-heading\" data-id=\"3a5bb67\" data-element_type=\"widget\" data-widget_type=\"heading.default\">\n\t\t\t\t\t<h1 class=\"elementor-heading-title elementor-size-default\">6<\/h1>\t\t\t\t<\/div>\n\t\t\t\t<div class=\"elementor-element elementor-element-3aaf775 elementor-widget elementor-widget-heading\" data-id=\"3aaf775\" data-element_type=\"widget\" data-widget_type=\"heading.default\">\n\t\t\t\t\t<h4 class=\"elementor-heading-title elementor-size-default\">Nombre de collaborateurs<\/h4>\t\t\t\t<\/div>\n\t\t\t\t<\/div>\n\t\t\t\t<\/div>\n\t\t<div class=\"elementor-element elementor-element-7252aac e-con-full e-flex e-con e-child\" data-id=\"7252aac\" data-element_type=\"container\" data-settings=\"{&quot;background_background&quot;:&quot;classic&quot;}\">\n\t\t\t\t<div class=\"elementor-element elementor-element-8dc4efe elementor-widget elementor-widget-heading\" data-id=\"8dc4efe\" data-element_type=\"widget\" data-widget_type=\"heading.default\">\n\t\t\t\t\t<h1 class=\"elementor-heading-title elementor-size-default\">80+<\/h1>\t\t\t\t<\/div>\n\t\t\t\t<div class=\"elementor-element elementor-element-bce9468 elementor-widget elementor-widget-heading\" data-id=\"bce9468\" data-element_type=\"widget\" data-widget_type=\"heading.default\">\n\t\t\t\t\t<h4 class=\"elementor-heading-title elementor-size-default\">Projets men\u00e9s<\/h4>\t\t\t\t<\/div>\n\t\t\t\t<\/div>\n\t\t\t\t<\/div>\n\t\t\t\t\t<\/div>\n\t\t\t\t<\/div>\n\t\t<div class=\"elementor-element elementor-element-b38b914 e-flex e-con-boxed e-con e-parent\" data-id=\"b38b914\" data-element_type=\"container\">\n\t\t\t\t\t<div class=\"e-con-inner\">\n\t\t\t\t<div class=\"elementor-element elementor-element-6cc58c6 elementor-widget elementor-widget-spacer\" data-id=\"6cc58c6\" data-element_type=\"widget\" data-widget_type=\"spacer.default\">\n\t\t\t\t\t\t\t<div class=\"elementor-spacer\">\n\t\t\t<div class=\"elementor-spacer-inner\"><\/div>\n\t\t<\/div>\n\t\t\t\t\t\t<\/div>\n\t\t\t\t\t<\/div>\n\t\t\t\t<\/div>\n\t\t<div class=\"elementor-element elementor-element-82b1c46 e-flex e-con-boxed e-con e-parent\" data-id=\"82b1c46\" data-element_type=\"container\">\n\t\t\t\t\t<div class=\"e-con-inner\">\n\t\t\t\t<div class=\"elementor-element elementor-element-dbe77e7 elementor-widget elementor-widget-image\" data-id=\"dbe77e7\" data-element_type=\"widget\" data-widget_type=\"image.default\">\n\t\t\t\t\t\t\t\t\t\t\t\t\t\t\t<img fetchpriority=\"high\" decoding=\"async\" width=\"500\" height=\"500\" src=\"https:\/\/rive-b5.fr\/wp-content\/uploads\/2025\/11\/2.png\" class=\"attachment-medium_large size-medium_large wp-image-276\" alt=\"\" srcset=\"https:\/\/rive-b5.fr\/wp-content\/uploads\/2025\/11\/2.png 500w, https:\/\/rive-b5.fr\/wp-content\/uploads\/2025\/11\/2-300x300.png 300w, https:\/\/rive-b5.fr\/wp-content\/uploads\/2025\/11\/2-150x150.png 150w\" sizes=\"(max-width: 500px) 100vw, 500px\" \/>\t\t\t\t\t\t\t\t\t\t\t\t\t\t\t<\/div>\n\t\t\t\t<div class=\"elementor-element elementor-element-750987b elementor-widget elementor-widget-heading\" data-id=\"750987b\" data-element_type=\"widget\" data-widget_type=\"heading.default\">\n\t\t\t\t\t<h1 class=\"elementor-heading-title elementor-size-default\">Notre histoire<\/h1>\t\t\t\t<\/div>\n\t\t<div class=\"elementor-element elementor-element-02383e0 e-con-full e-flex e-con e-child\" data-id=\"02383e0\" data-element_type=\"container\">\n\t\t<div class=\"elementor-element elementor-element-e4eb266 e-con-full e-flex e-con e-child\" data-id=\"e4eb266\" data-element_type=\"container\">\n\t\t\t\t<div class=\"elementor-element elementor-element-edda3fe elementor-widget elementor-widget-heading\" data-id=\"edda3fe\" data-element_type=\"widget\" data-widget_type=\"heading.default\">\n\t\t\t\t\t<h3 class=\"elementor-heading-title elementor-size-default\">D\u2019une entreprise familiale \u00e0 un partenaire de confiance<\/h3>\t\t\t\t<\/div>\n\t\t\t\t<div class=\"elementor-element elementor-element-eca9ac3 elementor-widget elementor-widget-text-editor\" data-id=\"eca9ac3\" data-element_type=\"widget\" data-widget_type=\"text-editor.default\">\n\t\t\t\t\t\t\t\t\t<p>Fond\u00e9e en 2017, Rive B5 est n\u00e9e d\u2019une ambition simple : proposer un savoir-faire fiable, humain et complet dans les travaux tous corps d\u2019\u00e9tat int\u00e9rieurs et l\u2019agencement de locaux commerciaux. D\u00e8s ses d\u00e9buts, l\u2019entreprise familiale s\u2019est distingu\u00e9e par son exigence et son s\u00e9rieux, intervenant partout en France ainsi que dans plusieurs pays frontaliers, notamment en Belgique et au Luxembourg.<\/p><p>Avec une \u00e9quipe \u00e0 taille humaine de six collaborateurs passionn\u00e9s, Rive B5 a construit sa r\u00e9putation autour d\u2019un accompagnement ma\u00eetris\u00e9 et d\u2019une polyvalence rare. Au fil des ann\u00e9es, l\u2019entreprise s\u2019est impos\u00e9e comme un partenaire de confiance pour les professionnels souhaitant cr\u00e9er, r\u00e9nover ou transformer leurs espaces.<\/p>\t\t\t\t\t\t\t\t<\/div>\n\t\t\t\t<\/div>\n\t\t<div class=\"elementor-element elementor-element-c7ebd96 e-con-full e-flex e-con e-child\" data-id=\"c7ebd96\" data-element_type=\"container\" data-settings=\"{&quot;background_background&quot;:&quot;classic&quot;}\">\n\t\t\t\t<\/div>\n\t\t\t\t<\/div>\n\t\t<div class=\"elementor-element elementor-element-519ee06 e-con-full e-flex e-con e-child\" data-id=\"519ee06\" data-element_type=\"container\">\n\t\t\t\t<div class=\"elementor-element elementor-element-db8eb10 elementor-widget elementor-widget-image\" data-id=\"db8eb10\" data-element_type=\"widget\" data-widget_type=\"image.default\">\n\t\t\t\t\t\t\t\t\t\t\t\t\t\t\t<img fetchpriority=\"high\" decoding=\"async\" width=\"500\" height=\"500\" src=\"https:\/\/rive-b5.fr\/wp-content\/uploads\/2025\/11\/2.png\" class=\"attachment-medium_large size-medium_large wp-image-276\" alt=\"\" srcset=\"https:\/\/rive-b5.fr\/wp-content\/uploads\/2025\/11\/2.png 500w, https:\/\/rive-b5.fr\/wp-content\/uploads\/2025\/11\/2-300x300.png 300w, https:\/\/rive-b5.fr\/wp-content\/uploads\/2025\/11\/2-150x150.png 150w\" sizes=\"(max-width: 500px) 100vw, 500px\" \/>\t\t\t\t\t\t\t\t\t\t\t\t\t\t\t<\/div>\n\t\t\t\t<div class=\"elementor-element elementor-element-cdfb808 elementor-widget elementor-widget-heading\" data-id=\"cdfb808\" data-element_type=\"widget\" data-widget_type=\"heading.default\">\n\t\t\t\t\t<h1 class=\"elementor-heading-title elementor-size-default\">Nos valeurs<\/h1>\t\t\t\t<\/div>\n\t\t<div class=\"elementor-element elementor-element-3ce59a5 e-con-full e-flex e-con e-child\" data-id=\"3ce59a5\" data-element_type=\"container\">\n\t\t<div class=\"elementor-element elementor-element-2327f3a e-con-full e-flex e-con e-child\" data-id=\"2327f3a\" data-element_type=\"container\">\n\t\t\t\t<div class=\"elementor-element elementor-element-a26cf25 elementor-widget elementor-widget-text-editor\" data-id=\"a26cf25\" data-element_type=\"widget\" data-widget_type=\"text-editor.default\">\n\t\t\t\t\t\t\t\t\t<p>Pour nous, chaque projet est unique : c\u2019est un espace de travail, une image de marque, un lieu de vie. Nous pla\u00e7ons la qualit\u00e9, le respect des d\u00e9lais et la s\u00e9r\u00e9nit\u00e9 du client au c\u0153ur de notre d\u00e9marche. De l\u2019\u00e9tude \u00e0 la remise des cl\u00e9s, nous assurons un accompagnement complet et transparent, en veillant au respect des normes (DTU) et \u00e0 la durabilit\u00e9 des ouvrages.<\/p><p>Notre suivi rigoureux, notre r\u00e9activit\u00e9 et notre capacit\u00e9 \u00e0 anticiper les contraintes garantissent un chantier fluide et sans mauvaises surprises. Gr\u00e2ce \u00e0 des partenaires fiables et une gestion ma\u00eetris\u00e9e de l\u2019ensemble des corps de m\u00e9tier, nous offrons un interlocuteur unique et une ex\u00e9cution coh\u00e9rente du d\u00e9but \u00e0 la fin. Choisir Rive B5, c\u2019est choisir un partenaire engag\u00e9, capable de transformer vos id\u00e9es en espaces fonctionnels, durables et inspirants.<\/p>\t\t\t\t\t\t\t\t<\/div>\n\t\t\t\t<\/div>\n\t\t\t\t<\/div>\n\t\t\t\t<\/div>\n\t\t\t\t\t<\/div>\n\t\t\t\t<\/div>\n\t\t\t\t<section class=\"elementor-section elementor-top-section elementor-element elementor-element-a59m7db elementor-section-boxed elementor-section-height-default elementor-section-height-default\" data-id=\"a59m7db\" data-element_type=\"section\" data-settings=\"{&quot;background_background&quot;:&quot;classic&quot;}\">\n\t\t\t\t\t\t<div class=\"elementor-container elementor-column-gap-no\">\n\t\t\t\t\t<div class=\"elementor-column elementor-col-100 elementor-top-column elementor-element elementor-element-089d853\" data-id=\"089d853\" data-element_type=\"column\">\n\t\t\t<div class=\"elementor-widget-wrap elementor-element-populated\">\n\t\t\t\t\t\t<div class=\"elementor-element elementor-element-af7f48b elementor-widget elementor-widget-heading\" data-id=\"af7f48b\" data-element_type=\"widget\" data-widget_type=\"heading.default\">\n\t\t\t\t\t<h1 class=\"elementor-heading-title elementor-size-default\">Nos Partenaires <\/h1>\t\t\t\t<\/div>\n\t\t\t\t<section class=\"elementor-section elementor-inner-section elementor-element elementor-element-f1b724a elementor-section-content-middle elementor-section-boxed elementor-section-height-default elementor-section-height-default\" data-id=\"f1b724a\" data-element_type=\"section\">\n\t\t\t\t\t\t<div class=\"elementor-container elementor-column-gap-default\">\n\t\t\t\t\t<div class=\"elementor-column elementor-col-50 elementor-inner-column elementor-element elementor-element-05fc16b\" data-id=\"05fc16b\" data-element_type=\"column\">\n\t\t\t<div class=\"elementor-widget-wrap elementor-element-populated\">\n\t\t\t\t\t\t<div class=\"elementor-element elementor-element-c2df6a6 elementor-widget elementor-widget-image\" data-id=\"c2df6a6\" data-element_type=\"widget\" data-widget_type=\"image.default\">\n\t\t\t\t\t\t\t\t\t\t\t\t\t\t\t<img decoding=\"async\" width=\"300\" height=\"130\" src=\"https:\/\/rive-b5.fr\/wp-content\/uploads\/2025\/11\/dbs-logo.png\" class=\"attachment-large size-large wp-image-307\" alt=\"\" \/>\t\t\t\t\t\t\t\t\t\t\t\t\t\t\t<\/div>\n\t\t\t\t\t<\/div>\n\t\t<\/div>\n\t\t\t\t<div class=\"elementor-column elementor-col-50 elementor-inner-column elementor-element elementor-element-428c9b0\" data-id=\"428c9b0\" data-element_type=\"column\">\n\t\t\t<div class=\"elementor-widget-wrap elementor-element-populated\">\n\t\t\t\t\t\t<div class=\"elementor-element elementor-element-6ff313d elementor-widget elementor-widget-image\" data-id=\"6ff313d\" data-element_type=\"widget\" data-widget_type=\"image.default\">\n\t\t\t\t\t\t\t\t\t\t\t\t\t\t\t<img decoding=\"async\" width=\"500\" height=\"261\" src=\"https:\/\/rive-b5.fr\/wp-content\/uploads\/2025\/11\/logo-agix-maintenance.png\" class=\"attachment-large size-large wp-image-308\" alt=\"\" srcset=\"https:\/\/rive-b5.fr\/wp-content\/uploads\/2025\/11\/logo-agix-maintenance.png 500w, https:\/\/rive-b5.fr\/wp-content\/uploads\/2025\/11\/logo-agix-maintenance-300x157.png 300w\" sizes=\"(max-width: 500px) 100vw, 500px\" \/>\t\t\t\t\t\t\t\t\t\t\t\t\t\t\t<\/div>\n\t\t\t\t\t<\/div>\n\t\t<\/div>\n\t\t\t\t\t<\/div>\n\t\t<\/section>\n\t\t\t\t\t<\/div>\n\t\t<\/div>\n\t\t\t\t\t<\/div>\n\t\t<\/section>\n\t\t<div class=\"elementor-element elementor-element-318ac3a e-flex e-con-boxed e-con e-parent\" data-id=\"318ac3a\" data-element_type=\"container\" data-settings=\"{&quot;background_background&quot;:&quot;classic&quot;}\">\n\t\t\t\t\t<div class=\"e-con-inner\">\n\t\t<div class=\"elementor-element elementor-element-5ec10fe e-con-full e-flex e-con e-child\" data-id=\"5ec10fe\" data-element_type=\"container\">\n\t\t\t\t<div class=\"elementor-element elementor-element-0041c4d elementor-widget elementor-widget-heading\" data-id=\"0041c4d\" data-element_type=\"widget\" data-widget_type=\"heading.default\">\n\t\t\t\t\t<h2 class=\"elementor-heading-title elementor-size-default\">Vous \u00eates pr\u00eats \u00e0 r\u00e9nover votre bien sereinement ?<\/h2>\t\t\t\t<\/div>\n\t\t\t\t<div class=\"elementor-element elementor-element-4558583 elementor-align-center elementor-widget elementor-widget-button\" data-id=\"4558583\" data-element_type=\"widget\" data-widget_type=\"button.default\">\n\t\t\t\t\t\t\t\t\t\t<a class=\"elementor-button elementor-button-link elementor-size-sm\" href=\"https:\/\/rive-b5.fr\/?page_id=155\">\n\t\t\t\t\t\t<span class=\"elementor-button-content-wrapper\">\n\t\t\t\t\t\t\t\t\t<span class=\"elementor-button-text\">C'est partie!<\/span>\n\t\t\t\t\t<\/span>\n\t\t\t\t\t<\/a>\n\t\t\t\t\t\t\t\t<\/div>\n\t\t\t\t<\/div>\n\t\t\t\t\t<\/div>\n\t\t\t\t<\/div>\n\t\t\t\t<\/div>\n\t\t","protected":false},"excerpt":{"rendered":"<p>Cr\u00e9er des espaces qui facilitent le quotidien, valorisent l\u2019activit\u00e9 et accompagnent l\u2019\u00e9volution des entreprises. Rive B5 con\u00e7oit, r\u00e9nove et am\u00e9nage des espaces fonctionnels et durables, en alliant ma\u00eetrise technique, qualit\u00e9 d\u2019ex\u00e9cution et accompagnement cl\u00e9-en-main. Notre vision Donner vie \u00e0 des espaces qui connectent, inspirent et impactent. Chez Rive B5, notre vision est simple : cr\u00e9er [&hellip;]<\/p>\n","protected":false},"author":1,"featured_media":0,"parent":0,"menu_order":0,"comment_status":"closed","ping_status":"closed","template":"","meta":{"footnotes":""},"class_list":["post-140","page","type-page","status-publish","hentry"],"_links":{"self":[{"href":"https:\/\/rive-b5.fr\/index.php?rest_route=\/wp\/v2\/pages\/140","targetHints":{"allow":["GET"]}}],"collection":[{"href":"https:\/\/rive-b5.fr\/index.php?rest_route=\/wp\/v2\/pages"}],"about":[{"href":"https:\/\/rive-b5.fr\/index.php?rest_route=\/wp\/v2\/types\/page"}],"author":[{"embeddable":true,"href":"https:\/\/rive-b5.fr\/index.php?rest_route=\/wp\/v2\/users\/1"}],"replies":[{"embeddable":true,"href":"https:\/\/rive-b5.fr\/index.php?rest_route=%2Fwp%2Fv2%2Fcomments&post=140"}],"version-history":[{"count":67,"href":"https:\/\/rive-b5.fr\/index.php?rest_route=\/wp\/v2\/pages\/140\/revisions"}],"predecessor-version":[{"id":466,"href":"https:\/\/rive-b5.fr\/index.php?rest_route=\/wp\/v2\/pages\/140\/revisions\/466"}],"wp:attachment":[{"href":"https:\/\/rive-b5.fr\/index.php?rest_route=%2Fwp%2Fv2%2Fmedia&parent=140"}],"curies":[{"name":"wp","href":"https:\/\/api.w.org\/{rel}","templated":true}]}}